{"id":95,"date":"2011-10-11T17:22:27","date_gmt":"2011-10-11T15:22:27","guid":{"rendered":"http:\/\/blog.cgrosch.de\/?page_id=95"},"modified":"2026-03-06T11:34:14","modified_gmt":"2026-03-06T10:34:14","slug":"usa","status":"publish","type":"page","link":"https:\/\/blog.cgrosch.de\/?page_id=95","title":{"rendered":"USA"},"content":{"rendered":"<p style=\"text-align: center;\"><img loading=\"lazy\" decoding=\"async\" class=\"wp-image-310 aligncenter\" title=\"DSC_0833\" src=\"http:\/\/blog.cgrosch.de\/wp-content\/uploads\/2011\/10\/DSC_0833-636x310.jpg\" alt=\"California\" width=\"636\" height=\"310\"><\/p>\n<p>Unter dieser Rubrik habe ich ein paar Eindr\u00fccke meiner Reisen in die USA zusammengefasst.<br \/>\nOb New York City, Miami, LA oder San Francisco&#8230; die Vereinigten Staaten faszinieren mich aufgrund der abwechslungsreichen Natur und der Weite, die im v\u00f6lligen Kontrast steht zu den belebten Gro\u00dfst\u00e4dten. Man findet hier praktisch nahezu alles, was das Herz begehrt, vereint auf einem Kontinent.<br \/>\nMein pers\u00f6nliches Highlight ist bisher der Yosemite National Park in Kalifornien. Ein absolutes Muss f\u00fcr Naturliebhaber und Ruhesuchende. Da das Yosemite Tal&nbsp; an den Wochenenden von vielen Amerikanern aufgesucht wird, empfiehlt es sich, dieses unter der Woche zu besuchen.<br \/>\nMan findet viele ruhige Pl\u00e4tze in beeindruckender Naturkulisse, die zu einem Picknick oder zum Baden einladen. Man sollte auf jeden Fall 3 Tage einplanen, um den Aufenthalt richtig genie\u00dfen und m\u00f6glichst viel erkunden zu k\u00f6nnen.<\/p>\n<p><img loading=\"lazy\" decoding=\"async\" class=\"alignright size-medium wp-image-799\" title=\"starbucks\" src=\"http:\/\/blog.cgrosch.de\/wp-content\/uploads\/2011\/10\/starbucks-174x300.jpg\" alt=\"\" width=\"174\" height=\"300\" srcset=\"https:\/\/blog.cgrosch.de\/wp-content\/uploads\/2011\/10\/starbucks-174x300.jpg 174w, https:\/\/blog.cgrosch.de\/wp-content\/uploads\/2011\/10\/starbucks.jpg 419w\" sizes=\"auto, (max-width: 174px) 100vw, 174px\" \/>Was das leibliche Wohl anbelangt, hat Amerika ebenfalls einiges zu bieten. Ob einen Caff\u00e9 Latte und ein Banana Bread bei einem Kaffeehaus um die Ecke oder ein leckeres Fischgericht im Restaurant am Pier &#8211; es schmeckt immer hervorragend! Ich liebe es, abends durch die Bars zu schlendern und einen Whisky oder ein Pint Bier in einer typisch amerikanischen Kneipe zu trinken oder auch einen Cocktail in einer schicken Bar hoch \u00fcber den D\u00e4chern New Yorks. Hier kann man es sich wirklich gut gehen lassen und interessante Gespr\u00e4che mit netten Menschen f\u00fchren, die man dabei trifft. Ich habe mit Amerikanern bisher nur positive Erfahrungen gemacht. Sie waren immer sehr nett, offen und sogar wesentlich h\u00f6flicher, als ich das aus Deutschland gewohnt bin&#8230;<br \/>\n(Kameras:&nbsp; Nikon D40 SLR (CA, NYC), Traveler DC (Florida, NYC))<\/p>\n","protected":false},"excerpt":{"rendered":"<p>Unter dieser Rubrik habe ich ein paar Eindr\u00fccke meiner Reisen in die USA zusammengefasst. Ob New York City, Miami, LA oder San Francisco&#8230; die Vereinigten Staaten faszinieren mich aufgrund der abwechslungsreichen Natur und der Weite, die im v\u00f6lligen Kontrast steht zu den belebten Gro\u00dfst\u00e4dten. Man findet hier praktisch nahezu alles, was das Herz begehrt, vereint [&hellip;]<\/p>\n","protected":false},"author":1,"featured_media":0,"parent":0,"menu_order":1,"comment_status":"closed","ping_status":"closed","template":"","meta":{"ngg_post_thumbnail":0,"footnotes":""},"class_list":["post-95","page","type-page","status-publish","hentry"],"_links":{"self":[{"href":"https:\/\/blog.cgrosch.de\/index.php?rest_route=\/wp\/v2\/pages\/95","targetHints":{"allow":["GET"]}}],"collection":[{"href":"https:\/\/blog.cgrosch.de\/index.php?rest_route=\/wp\/v2\/pages"}],"about":[{"href":"https:\/\/blog.cgrosch.de\/index.php?rest_route=\/wp\/v2\/types\/page"}],"author":[{"embeddable":true,"href":"https:\/\/blog.cgrosch.de\/index.php?rest_route=\/wp\/v2\/users\/1"}],"replies":[{"embeddable":true,"href":"https:\/\/blog.cgrosch.de\/index.php?rest_route=%2Fwp%2Fv2%2Fcomments&post=95"}],"version-history":[{"count":6,"href":"https:\/\/blog.cgrosch.de\/index.php?rest_route=\/wp\/v2\/pages\/95\/revisions"}],"predecessor-version":[{"id":1063,"href":"https:\/\/blog.cgrosch.de\/index.php?rest_route=\/wp\/v2\/pages\/95\/revisions\/1063"}],"wp:attachment":[{"href":"https:\/\/blog.cgrosch.de\/index.php?rest_route=%2Fwp%2Fv2%2Fmedia&parent=95"}],"curies":[{"name":"wp","href":"https:\/\/api.w.org\/{rel}","templated":true}]}}