{"id":78,"date":"2011-10-11T16:18:13","date_gmt":"2011-10-11T14:18:13","guid":{"rendered":"http:\/\/blog.cgrosch.de\/?page_id=78"},"modified":"2012-06-21T23:57:59","modified_gmt":"2012-06-21T21:57:59","slug":"impressum","status":"publish","type":"page","link":"https:\/\/blog.cgrosch.de\/?page_id=78","title":{"rendered":"Impressum"},"content":{"rendered":"<h5>Haftungshinweis:<\/h5>\n<p>Es ben\u00f6tigt ein Impressum, wer nach Vorschrift des \u00a7 55 Rundfunkstaatsvertrages (RstV)<br \/>\n<img loading=\"lazy\" decoding=\"async\" class=\" wp-image-991 alignleft\" title=\"paragraph\" src=\"http:\/\/blog.cgrosch.de\/wp-content\/uploads\/2012\/06\/paragraph.png\" alt=\"\" width=\"101\" height=\"124\" \/><\/p>\n<ul>\n<li>(regelm\u00e4\u00dfig) journalistisch-redaktionell gestaltete Inhalte online stellt, die zur Meinungsbildung beitragen k\u00f6nnen,<\/li>\n<li>nach \u00a7 5 Telemediengesetz (TMG) &#8222;gesch\u00e4ftsm\u00e4\u00dfige Online-Dienste&#8220;, (Betreiber, die Waren oder Dienstleistungen anbieten).<\/li>\n<\/ul>\n<p>Beides trifft auf mich nicht zu.<\/p>\n<p>Trotz sorgf\u00e4ltiger inhaltlicher Kontrolle \u00fcbernehme ich keine Haftung f\u00fcr die Inhalte externer Links. F\u00fcr den Inhalt verlinkter Seiten sind ausschlie\u00dflich deren Betreiber verantwortlich.<\/p>\n","protected":false},"excerpt":{"rendered":"<p>Haftungshinweis: Es ben\u00f6tigt ein Impressum, wer nach Vorschrift des \u00a7 55 Rundfunkstaatsvertrages (RstV) (regelm\u00e4\u00dfig) journalistisch-redaktionell gestaltete Inhalte online stellt, die zur Meinungsbildung beitragen k\u00f6nnen, nach \u00a7 5 Telemediengesetz (TMG) &#8222;gesch\u00e4ftsm\u00e4\u00dfige Online-Dienste&#8220;, (Betreiber, die Waren oder Dienstleistungen anbieten). Beides trifft auf mich nicht zu. Trotz sorgf\u00e4ltiger inhaltlicher Kontrolle \u00fcbernehme ich keine Haftung f\u00fcr die Inhalte externer [&hellip;]<\/p>\n","protected":false},"author":1,"featured_media":0,"parent":0,"menu_order":60,"comment_status":"closed","ping_status":"closed","template":"","meta":{"ngg_post_thumbnail":0,"footnotes":""},"class_list":["post-78","page","type-page","status-publish","hentry"],"_links":{"self":[{"href":"https:\/\/blog.cgrosch.de\/index.php?rest_route=\/wp\/v2\/pages\/78","targetHints":{"allow":["GET"]}}],"collection":[{"href":"https:\/\/blog.cgrosch.de\/index.php?rest_route=\/wp\/v2\/pages"}],"about":[{"href":"https:\/\/blog.cgrosch.de\/index.php?rest_route=\/wp\/v2\/types\/page"}],"author":[{"embeddable":true,"href":"https:\/\/blog.cgrosch.de\/index.php?rest_route=\/wp\/v2\/users\/1"}],"replies":[{"embeddable":true,"href":"https:\/\/blog.cgrosch.de\/index.php?rest_route=%2Fwp%2Fv2%2Fcomments&post=78"}],"version-history":[{"count":6,"href":"https:\/\/blog.cgrosch.de\/index.php?rest_route=\/wp\/v2\/pages\/78\/revisions"}],"predecessor-version":[{"id":619,"href":"https:\/\/blog.cgrosch.de\/index.php?rest_route=\/wp\/v2\/pages\/78\/revisions\/619"}],"wp:attachment":[{"href":"https:\/\/blog.cgrosch.de\/index.php?rest_route=%2Fwp%2Fv2%2Fmedia&parent=78"}],"curies":[{"name":"wp","href":"https:\/\/api.w.org\/{rel}","templated":true}]}}