{"id":554,"date":"2012-04-23T21:28:41","date_gmt":"2012-04-23T19:28:41","guid":{"rendered":"http:\/\/blog.cgrosch.de\/?page_id=554"},"modified":"2012-07-20T23:36:45","modified_gmt":"2012-07-20T21:36:45","slug":"horsecorner","status":"publish","type":"page","link":"https:\/\/blog.cgrosch.de\/?page_id=554","title":{"rendered":"Horsecorner"},"content":{"rendered":"<blockquote><p><em>&#8222;Wo in der weiten Welt ist Adel ohne Hochmut?<\/em><br \/>\n<em> Wo ist Freundschaft ohne Missgunst?<\/em><br \/>\n<em> Wo ist Sch\u00f6nheit ohne Eitelkeit?<\/em><br \/>\n<em> Hier, bei den Pferden, wo die Anmut sich paart mit Kraft,<\/em><br \/>\n<em> und die St\u00e4rke geb\u00e4ndigt wird durch Sanftmut.&#8220;<\/em><\/p><\/blockquote>\n<p>Diesen Bereich widme ich den wunderbarsten Tieren, mit denen ich je zu tun hatte und vor denen ich gr\u00f6\u00dften Respekt habe &#8211; den Pferden. Sie vereinen Kraft, Eleganz, Schnelligkeit und Reinheit.<br \/>\nKein Tier hat je dem Menschen mehr Dienste erwiesen und wird doch so oft ausgenutzt und\u00a0 missverstanden. Mit einem Pferd zu arbeiten erfordert Verstand und Herz und es dankt es dir mit unersch\u00f6pflicher Freude und Hingabe.<\/p>\n<blockquote><p><em>&#8222;Ein Pferd vergisst nie &#8211; aber es verzeiht alles.&#8220;<\/em><br \/>\n&#8211; A. Kutsch<\/p><\/blockquote>\n<p>Ich mag besonders die leichten und edlen Rassen &#8211; das Vollblut.<br \/>\nDas Gef\u00fchl mit einem schnellen Pferd durch die Natur zu galoppieren ist unbeschreiblich. Ein Ausritt kann Entspannung und Adrenalinrausch sein &#8211; man befindet sich dabei immer im Hier und Jetzt, wird eins mit der Natur und alles andere r\u00fcckt in weite Ferne&#8230;<\/p>\n<div id=\"attachment_559\" style=\"width: 496px\" class=\"wp-caption aligncenter\"><img loading=\"lazy\" decoding=\"async\" aria-describedby=\"caption-attachment-559\" class=\"wp-image-559      \" title=\"Esthara\" src=\"http:\/\/blog.cgrosch.de\/wp-content\/uploads\/2012\/04\/esthara.jpg\" alt=\"\" width=\"486\" height=\"389\" srcset=\"https:\/\/blog.cgrosch.de\/wp-content\/uploads\/2012\/04\/esthara.jpg 1000w, https:\/\/blog.cgrosch.de\/wp-content\/uploads\/2012\/04\/esthara-300x240.jpg 300w\" sizes=\"auto, (max-width: 486px) 100vw, 486px\" \/><p id=\"caption-attachment-559\" class=\"wp-caption-text\">Vollblutaraber Esthara<\/p><\/div>\n<h3>Empfehlenswerte Links:<\/h3>\n<ul>\n<li><a title=\"Hasenfu\u00df Quarter Horses\" href=\"http:\/\/www.hasenfuss-quarter-horses.de\" target=\"_blank\">Hasenfu\u00df Quarter Horses<\/a><\/li>\n<li><a title=\"Stacy Westfall Horsemanship\" href=\"http:\/\/www.westfallhorsemanship.com\/\" target=\"_blank\">Stacy Westfall Horsemanship<\/a><\/li>\n<li><a title=\" Stacy Westfall, WEG Opening Ceremonies 2010\" href=\"http:\/\/www.youtube.com\/watch?v=MP3ZFZ7ZZrU\" target=\"_blank\">Stacy Westfall, WEG Opening Ceremonies 2010 (Youtube)<\/a><\/li>\n<\/ul>\n","protected":false},"excerpt":{"rendered":"<p>&#8222;Wo in der weiten Welt ist Adel ohne Hochmut? Wo ist Freundschaft ohne Missgunst? Wo ist Sch\u00f6nheit ohne Eitelkeit? Hier, bei den Pferden, wo die Anmut sich paart mit Kraft, und die St\u00e4rke geb\u00e4ndigt wird durch Sanftmut.&#8220; Diesen Bereich widme ich den wunderbarsten Tieren, mit denen ich je zu tun hatte und vor denen ich [&hellip;]<\/p>\n","protected":false},"author":1,"featured_media":0,"parent":0,"menu_order":40,"comment_status":"closed","ping_status":"closed","template":"","meta":{"ngg_post_thumbnail":0,"footnotes":""},"class_list":["post-554","page","type-page","status-publish","hentry"],"_links":{"self":[{"href":"https:\/\/blog.cgrosch.de\/index.php?rest_route=\/wp\/v2\/pages\/554","targetHints":{"allow":["GET"]}}],"collection":[{"href":"https:\/\/blog.cgrosch.de\/index.php?rest_route=\/wp\/v2\/pages"}],"about":[{"href":"https:\/\/blog.cgrosch.de\/index.php?rest_route=\/wp\/v2\/types\/page"}],"author":[{"embeddable":true,"href":"https:\/\/blog.cgrosch.de\/index.php?rest_route=\/wp\/v2\/users\/1"}],"replies":[{"embeddable":true,"href":"https:\/\/blog.cgrosch.de\/index.php?rest_route=%2Fwp%2Fv2%2Fcomments&post=554"}],"version-history":[{"count":6,"href":"https:\/\/blog.cgrosch.de\/index.php?rest_route=\/wp\/v2\/pages\/554\/revisions"}],"predecessor-version":[{"id":997,"href":"https:\/\/blog.cgrosch.de\/index.php?rest_route=\/wp\/v2\/pages\/554\/revisions\/997"}],"wp:attachment":[{"href":"https:\/\/blog.cgrosch.de\/index.php?rest_route=%2Fwp%2Fv2%2Fmedia&parent=554"}],"curies":[{"name":"wp","href":"https:\/\/api.w.org\/{rel}","templated":true}]}}