{"id":48,"date":"2011-10-11T14:55:10","date_gmt":"2011-10-11T12:55:10","guid":{"rendered":"http:\/\/blog.cgrosch.de\/?page_id=48"},"modified":"2012-06-11T01:21:11","modified_gmt":"2012-06-10T23:21:11","slug":"nyc","status":"publish","type":"page","link":"https:\/\/blog.cgrosch.de\/?page_id=48","title":{"rendered":"NYC"},"content":{"rendered":"<p style=\"text-align: center;\"><img loading=\"lazy\" decoding=\"async\" class=\"wp-image-263 aligncenter\" title=\"IMG_9357\" src=\"http:\/\/blog.cgrosch.de\/wp-content\/uploads\/2011\/10\/IMG_9357.jpg\" alt=\"New York\" width=\"800\" height=\"600\" srcset=\"https:\/\/blog.cgrosch.de\/wp-content\/uploads\/2011\/10\/IMG_9357.jpg 800w, https:\/\/blog.cgrosch.de\/wp-content\/uploads\/2011\/10\/IMG_9357-300x225.jpg 300w\" sizes=\"auto, (max-width: 800px) 100vw, 800px\" \/><\/p>\n<blockquote>\n<p style=\"text-align: center;\"><strong>&#8222;Get me out<\/strong><br \/>\n<strong> Into the night-time<\/strong><br \/>\n<strong> Four walls won&#8217;t hold me tonight<\/strong><br \/>\n<strong> If this town<\/strong><br \/>\n<strong> Is just an apple<\/strong><br \/>\n<strong> Then let me take a bite&#8220;<\/strong><br \/>\n<strong> (Michael Jackson)<\/strong><\/p>\n<\/blockquote>\n<h3>New York, New York<\/h3>\n<p>Es ist einfach herrlich in New York City. Man schafft es selbst in zwei Wochen kaum, sich hier alles ausgiebig anzusehen. Wir waren auf dem Rockefeller Center (welches eine noch etwas bessere Aussicht zu bieten hat als das Empire State Building), im Museum of Natural History, in der Stadtbibliothek, auf der High Line, in der UN, haben eine Bootsrundfahrt um Manhattan gemacht und sind mit der Staten Island F\u00e4hre kostenlos \u00fcbergesetzt. Aber auch nur durch New York&#8217;s H\u00e4userschluchten zu ziehen, ist bereits ein Erlebnis und vor lauter Begeisterung merkt man oft erst viel zu sp\u00e4t, wie weit man da eigentlich gelaufen ist.<br \/>\n\u00dcberall in der Stadt, vor allem in der Subway, trifft man auf Stra\u00dfenmusiker. Und viele sind umwerfend gut. Man merkt, dass hier nicht jeder\u00a0 einfach so musizieren darf &#8211; wer eine Bewilligungen m\u00f6chte, muss zun\u00e4chst zu einem beh\u00f6rdlich angeordneten Casting (<a href=\"http:\/\/www.tagesschau.sf.tv\/Nachrichten\/Archiv\/2012\/05\/17\/Vermischtes\/New-Yorks-Strassenmusiker-auf-dem-Pruefstand\" target=\"_blank\">tagesschau.sf.tv: &#8222;New Yorks Strassenmusiker auf dem Pruefstand&#8220;<\/a>).<br \/>\nAuch dem Central Park verleiht die, oft von Soul und Blues beeinflusste Musik, ein besonderes Flair. Er bietet einen willkommenen Ruhepol in der lebhaften Metropole. Ein kleines St\u00fcck Natur, indem es sogar Schildkr\u00f6ten, Kardinalv\u00f6gel und jede Menge Eichh\u00f6rnchen zu sehen gibt.<\/p>\n<h3>The City that never sleeps<\/h3>\n<p>Egal zu welcher Uhrzeit man auch unterwegs ist, New York schl\u00e4ft scheinbar wirklich nie und ist voller Leben. Es gibt wundersch\u00f6ne und schicke Cocktailbars hoch auf den D\u00e4chern einiger Wolkenkratzer, und auch wenn es dort nicht ganz billig ist, ist ein Besuch absolut empfehlenswert.<br \/>\nMag man es lieber schlicht oder rustikaler, kann man in eine der zahlreichen Kneipen einkehren. Sie sind urgem\u00fctlich, das Essen ist prima, die Leute offen und man bleibt hier nie lange ohne Gespr\u00e4chspartner &#8211; sei es nun der Mann hinter der Theke oder der auf dem Barhocker nebenan, der bereits einen Whisky zu viel hatte. Unterhaltsam wird es immer und es ist uns bereits passiert, dass wir etliche J\u00e4germeister mit unserem neuen &#8222;Freund&#8220; trinken mussten, als sich herausstellte, dass wir aus Germany kommen.<\/p>\n<p style=\"text-align: center;\">ngg_shortcode_0_placeholder<\/p>\n","protected":false},"excerpt":{"rendered":"<p>&#8222;Get me out Into the night-time Four walls won&#8217;t hold me tonight If this town Is just an apple Then let me take a bite&#8220; (Michael Jackson) New York, New York Es ist einfach herrlich in New York City. Man schafft es selbst in zwei Wochen kaum, sich hier alles ausgiebig anzusehen. Wir waren auf [&hellip;]<\/p>\n","protected":false},"author":1,"featured_media":0,"parent":95,"menu_order":30,"comment_status":"closed","ping_status":"closed","template":"","meta":{"ngg_post_thumbnail":0,"footnotes":""},"class_list":["post-48","page","type-page","status-publish","hentry"],"_links":{"self":[{"href":"https:\/\/blog.cgrosch.de\/index.php?rest_route=\/wp\/v2\/pages\/48","targetHints":{"allow":["GET"]}}],"collection":[{"href":"https:\/\/blog.cgrosch.de\/index.php?rest_route=\/wp\/v2\/pages"}],"about":[{"href":"https:\/\/blog.cgrosch.de\/index.php?rest_route=\/wp\/v2\/types\/page"}],"author":[{"embeddable":true,"href":"https:\/\/blog.cgrosch.de\/index.php?rest_route=\/wp\/v2\/users\/1"}],"replies":[{"embeddable":true,"href":"https:\/\/blog.cgrosch.de\/index.php?rest_route=%2Fwp%2Fv2%2Fcomments&post=48"}],"version-history":[{"count":6,"href":"https:\/\/blog.cgrosch.de\/index.php?rest_route=\/wp\/v2\/pages\/48\/revisions"}],"predecessor-version":[{"id":807,"href":"https:\/\/blog.cgrosch.de\/index.php?rest_route=\/wp\/v2\/pages\/48\/revisions\/807"}],"up":[{"embeddable":true,"href":"https:\/\/blog.cgrosch.de\/index.php?rest_route=\/wp\/v2\/pages\/95"}],"wp:attachment":[{"href":"https:\/\/blog.cgrosch.de\/index.php?rest_route=%2Fwp%2Fv2%2Fmedia&parent=48"}],"curies":[{"name":"wp","href":"https:\/\/api.w.org\/{rel}","templated":true}]}}