{"id":402,"date":"2012-04-20T18:01:44","date_gmt":"2012-04-20T16:01:44","guid":{"rendered":"http:\/\/blog.cgrosch.de\/?page_id=402"},"modified":"2012-04-27T19:08:38","modified_gmt":"2012-04-27T17:08:38","slug":"yosemite-nationalpark","status":"publish","type":"page","link":"https:\/\/blog.cgrosch.de\/?page_id=402","title":{"rendered":"Yosemite Nationalpark"},"content":{"rendered":"<div id=\"attachment_449\" style=\"width: 310px\" class=\"wp-caption alignleft\"><a href=\"http:\/\/blog.cgrosch.de\/wp-content\/uploads\/2012\/04\/DSC_0582.jpg\"><img loading=\"lazy\" decoding=\"async\" aria-describedby=\"caption-attachment-449\" class=\"size-medium wp-image-449 \" title=\"DSC_0582\" src=\"http:\/\/blog.cgrosch.de\/wp-content\/uploads\/2012\/04\/DSC_0582-300x199.jpg\" alt=\"\" width=\"300\" height=\"199\" srcset=\"https:\/\/blog.cgrosch.de\/wp-content\/uploads\/2012\/04\/DSC_0582-300x199.jpg 300w, https:\/\/blog.cgrosch.de\/wp-content\/uploads\/2012\/04\/DSC_0582.jpg 1000w\" sizes=\"auto, (max-width: 300px) 100vw, 300px\" \/><\/a><p id=\"caption-attachment-449\" class=\"wp-caption-text\">Yosemite View Lodge<\/p><\/div>\n<p>Nach ein paar Tagen Akklimatisierung in San Franzisko, geht es mit dem Mietwagen ca 200 Meilen weiter ins Landesinnere, in Richtung Yosemite National Park.<br \/>\nDort angekommen, checken wir in einer wundersch\u00f6nen Lodge, nur wenige hundert Meter vom offiziellen Eingang des Parks entfernt, ein (<a href=\"http:\/\/www.nationalparkreservations.com\/yosemite_view.php\">Yosemite View Lodge<\/a>).<br \/>\nDie Unterkunft ist sehr gro\u00df, sauber und nahezu luxuri\u00f6s. Neben einem gro\u00dfz\u00fcgigen Badezimmer hat das Zimmer eine kleine Terrasse, auf der man sozusagen mitten im Wald sitzen kann, eine kleine K\u00fcche und zwei riiiiesige &#8222;queen size&#8220; Betten&#8230; Obwohl wir uns am liebsten gleich direkt hineinfallen lassen wollen, setzen wir uns zun\u00e4chst noch gem\u00fctlich mit einem Bud auf unseren Balkon. Wir waren erst sp\u00e4t eingetroffen und wollten das sch\u00f6ne Zimmer unbedingt noch etwas nutzen, denn am n\u00e4chsten Tag hie\u00df es ja schon wieder Koffer packen und weiter zum n\u00e4chsten Ziel. <\/p>\n<p>Am n\u00e4chsten Morgen fuhren wir durch das Yosemite Tal. Obwohl es ein Wochenende war (schlecht geplant) und gegen Mittag viele Parkpl\u00e4tze an den einfach zu erreichenden Point of interests \u00fcberlaufen waren, entdeckten wir viele wundersch\u00f6ne menschenleere Pl\u00e4tze am Fluss, an denen man picknicken konnte. Auch schwimmen ist dort problemlos m\u00f6glich. Das Wasser ist glasklar, mit geringer Str\u00f6mung und auch nicht sehr tief, nur vielleicht etwas kalt.<br \/>\n<a href=\"http:\/\/blog.cgrosch.de\/?page_id=405\">Weiter zum Death Valley &gt;&gt;<\/a><\/p>\n<h3>Yosemite Nationalpark Bildergalerie:<\/h3>\nngg_shortcode_0_placeholder\n","protected":false},"excerpt":{"rendered":"<p>Nach ein paar Tagen Akklimatisierung in San Franzisko, geht es mit dem Mietwagen ca 200 Meilen weiter ins Landesinnere, in Richtung Yosemite National Park. Dort angekommen, checken wir in einer wundersch\u00f6nen Lodge, nur wenige hundert Meter vom offiziellen Eingang des Parks entfernt, ein (Yosemite View Lodge). Die Unterkunft ist sehr gro\u00df, sauber und nahezu luxuri\u00f6s. [&hellip;]<\/p>\n","protected":false},"author":1,"featured_media":0,"parent":391,"menu_order":0,"comment_status":"closed","ping_status":"closed","template":"","meta":{"ngg_post_thumbnail":0,"footnotes":""},"class_list":["post-402","page","type-page","status-publish","hentry"],"_links":{"self":[{"href":"https:\/\/blog.cgrosch.de\/index.php?rest_route=\/wp\/v2\/pages\/402","targetHints":{"allow":["GET"]}}],"collection":[{"href":"https:\/\/blog.cgrosch.de\/index.php?rest_route=\/wp\/v2\/pages"}],"about":[{"href":"https:\/\/blog.cgrosch.de\/index.php?rest_route=\/wp\/v2\/types\/page"}],"author":[{"embeddable":true,"href":"https:\/\/blog.cgrosch.de\/index.php?rest_route=\/wp\/v2\/users\/1"}],"replies":[{"embeddable":true,"href":"https:\/\/blog.cgrosch.de\/index.php?rest_route=%2Fwp%2Fv2%2Fcomments&post=402"}],"version-history":[{"count":3,"href":"https:\/\/blog.cgrosch.de\/index.php?rest_route=\/wp\/v2\/pages\/402\/revisions"}],"predecessor-version":[{"id":686,"href":"https:\/\/blog.cgrosch.de\/index.php?rest_route=\/wp\/v2\/pages\/402\/revisions\/686"}],"up":[{"embeddable":true,"href":"https:\/\/blog.cgrosch.de\/index.php?rest_route=\/wp\/v2\/pages\/391"}],"wp:attachment":[{"href":"https:\/\/blog.cgrosch.de\/index.php?rest_route=%2Fwp%2Fv2%2Fmedia&parent=402"}],"curies":[{"name":"wp","href":"https:\/\/api.w.org\/{rel}","templated":true}]}}