{"id":1047,"date":"2023-07-28T16:33:54","date_gmt":"2023-07-28T14:33:54","guid":{"rendered":"https:\/\/blog.cgrosch.de\/?page_id=1047"},"modified":"2023-07-28T17:26:31","modified_gmt":"2023-07-28T15:26:31","slug":"boatlife","status":"publish","type":"page","link":"https:\/\/blog.cgrosch.de\/?page_id=1047","title":{"rendered":"Boatlife"},"content":{"rendered":"\n<p>2022 haben wir unser kleines H\u00e4uschen im Gr\u00fcnen verkauft und leben (und arbeiten) nun seit April 2023 auf unserem Segelboot &#8222;Mar y Sol&#8220;. Wie lange wir das machen, h\u00e4ngt davon ab, wie lange wir Freude daran haben und es nicht finanziell ausufert.<\/p>\n\n\n\n<p>Wir haben vor, die n\u00e4chsten Jahre zun\u00e4chst im Mittelmeerraum zu verbringen, um danach irgendwann in die Karibik aufzubrechen. Ob und wie wir diesen Plan in die Tat umsetzen wollen und k\u00f6nnen, unsere Stationen auf dieser Reise und unsere Erlebnisse wollen wir hier festhalten.<\/p>\n\n\n\n<p>Doch zun\u00e4chst zu unseren Anf\u00e4ngen:<\/p>\n\n\n\n<figure class=\"wp-block-embed is-type-video is-provider-youtube wp-block-embed-youtube wp-embed-aspect-16-9 wp-has-aspect-ratio\"><div class=\"wp-block-embed__wrapper\">\n <iframe loading=\"lazy\" title=\"001 Haus gegen Boot - Wenn Landratten das Weite suchen\" width=\"415\" height=\"233\" src=\"https:\/\/www.youtube.com\/embed\/zTm3Nd01tCo?feature=oembed\" frameborder=\"0\" allow=\"accelerometer; autoplay; clipboard-write; encrypted-media; gyroscope; picture-in-picture; web-share\" referrerpolicy=\"strict-origin-when-cross-origin\" allowfullscreen><\/iframe>\n<\/div><\/figure>\n\n\n\n<p><\/p>\n\n\n\n<p><\/p>\n\n\n\n<p><br><br><\/p>\n\n\n\n<figure class=\"wp-block-embed is-type-video is-provider-youtube wp-block-embed-youtube wp-embed-aspect-16-9 wp-has-aspect-ratio\"><div class=\"wp-block-embed__wrapper\">\n<iframe loading=\"lazy\" title=\"002 Ein neues Zuhause?? Schock beim Gutachten :(\" width=\"415\" height=\"233\" src=\"https:\/\/www.youtube.com\/embed\/ReTnwFMeLHI?feature=oembed\" frameborder=\"0\" allow=\"accelerometer; autoplay; clipboard-write; encrypted-media; gyroscope; picture-in-picture; web-share\" referrerpolicy=\"strict-origin-when-cross-origin\" allowfullscreen><\/iframe>\n<\/div><\/figure>\n","protected":false},"excerpt":{"rendered":"<p>2022 haben wir unser kleines H\u00e4uschen im Gr\u00fcnen verkauft und leben (und arbeiten) nun seit April 2023 auf unserem Segelboot &#8222;Mar y Sol&#8220;. Wie lange wir das machen, h\u00e4ngt davon ab, wie lange wir Freude daran haben und es nicht finanziell ausufert. Wir haben vor, die n\u00e4chsten Jahre zun\u00e4chst im Mittelmeerraum zu verbringen, um danach [&hellip;]<\/p>\n","protected":false},"author":1,"featured_media":0,"parent":0,"menu_order":0,"comment_status":"closed","ping_status":"closed","template":"","meta":{"ngg_post_thumbnail":0,"footnotes":""},"class_list":["post-1047","page","type-page","status-publish","hentry"],"_links":{"self":[{"href":"https:\/\/blog.cgrosch.de\/index.php?rest_route=\/wp\/v2\/pages\/1047","targetHints":{"allow":["GET"]}}],"collection":[{"href":"https:\/\/blog.cgrosch.de\/index.php?rest_route=\/wp\/v2\/pages"}],"about":[{"href":"https:\/\/blog.cgrosch.de\/index.php?rest_route=\/wp\/v2\/types\/page"}],"author":[{"embeddable":true,"href":"https:\/\/blog.cgrosch.de\/index.php?rest_route=\/wp\/v2\/users\/1"}],"replies":[{"embeddable":true,"href":"https:\/\/blog.cgrosch.de\/index.php?rest_route=%2Fwp%2Fv2%2Fcomments&post=1047"}],"version-history":[{"count":5,"href":"https:\/\/blog.cgrosch.de\/index.php?rest_route=\/wp\/v2\/pages\/1047\/revisions"}],"predecessor-version":[{"id":1059,"href":"https:\/\/blog.cgrosch.de\/index.php?rest_route=\/wp\/v2\/pages\/1047\/revisions\/1059"}],"wp:attachment":[{"href":"https:\/\/blog.cgrosch.de\/index.php?rest_route=%2Fwp%2Fv2%2Fmedia&parent=1047"}],"curies":[{"name":"wp","href":"https:\/\/api.w.org\/{rel}","templated":true}]}}